{"id":226,"date":"2018-01-22T15:09:05","date_gmt":"2018-01-22T18:09:05","guid":{"rendered":"https:\/\/ppgrn.ufms.br\/?page_id=226"},"modified":"2019-01-31T12:33:07","modified_gmt":"2019-01-31T15:33:07","slug":"processo-seletivo-2018-1","status":"publish","type":"page","link":"https:\/\/ppgrn.ufms.br\/en\/processo-seletivo-2018-1\/","title":{"rendered":"Selective Process 2018.1"},"content":{"rendered":"The Selective process for PGRN 2018 was open from\u00a0January 23rd until February 06th. Follow the results here (<strong><em>PORTUGUESE ONLY<\/em><\/strong>).<\/p>\n<p><a href=\"https:\/\/ppgrn.ufms.br\/files\/2018\/01\/EDITAL-PGRN-2018_1.pdf\" target=\"_blank\" rel=\"noopener noreferrer\">CALL NOTICE PGRN 2018_1<\/a><\/p>\n<p><a href=\"https:\/\/ppgrn.ufms.br\/files\/2018\/02\/PROCESSO-SELETIVO-PGRN-RESULTADO-DA-AN\u00c1LISE-DA-DOCUMENTA\u00c7\u00c3O-REVISADA.pdf\">DOCUMENTS ANALYSIS AND APPLICATION DEFERRING<\/a>","protected":false},"excerpt":{"rendered":"<p>The Selective process for PGRN 2018 was open from\u00a0January 23rd until February 06th. Follow the results here (PORTUGUESE ONLY). CALL NOTICE PGRN 2018_1 DOCUMENTS ANALYSIS AND APPLICATION DEFERRING<\/p>\n","protected":false},"author":19579,"featured_media":0,"parent":0,"menu_order":0,"comment_status":"closed","ping_status":"closed","template":"","meta":{"ngg_post_thumbnail":0,"footnotes":""},"coauthors":[],"class_list":["post-226","page","type-page","status-publish","hentry"],"_links":{"self":[{"href":"https:\/\/ppgrn.ufms.br\/en\/wp-json\/wp\/v2\/pages\/226","targetHints":{"allow":["GET"]}}],"collection":[{"href":"https:\/\/ppgrn.ufms.br\/en\/wp-json\/wp\/v2\/pages"}],"about":[{"href":"https:\/\/ppgrn.ufms.br\/en\/wp-json\/wp\/v2\/types\/page"}],"author":[{"embeddable":true,"href":"https:\/\/ppgrn.ufms.br\/en\/wp-json\/wp\/v2\/users\/19579"}],"replies":[{"embeddable":true,"href":"https:\/\/ppgrn.ufms.br\/en\/wp-json\/wp\/v2\/comments?post=226"}],"version-history":[{"count":14,"href":"https:\/\/ppgrn.ufms.br\/en\/wp-json\/wp\/v2\/pages\/226\/revisions"}],"predecessor-version":[{"id":572,"href":"https:\/\/ppgrn.ufms.br\/en\/wp-json\/wp\/v2\/pages\/226\/revisions\/572"}],"wp:attachment":[{"href":"https:\/\/ppgrn.ufms.br\/en\/wp-json\/wp\/v2\/media?parent=226"}],"wp:term":[{"taxonomy":"author","embeddable":true,"href":"https:\/\/ppgrn.ufms.br\/en\/wp-json\/wp\/v2\/coauthors?post=226"}],"curies":[{"name":"wp","href":"https:\/\/api.w.org\/{rel}","templated":true}]}}